{"id":90,"date":"2012-07-09T10:19:42","date_gmt":"2012-07-09T10:19:42","guid":{"rendered":"http:\/\/editorialperegrino.com\/blog\/?page_id=90"},"modified":"2022-11-08T11:21:18","modified_gmt":"2022-11-08T10:21:18","slug":"las-4-normas-de-editorial-peregrino","status":"publish","type":"page","link":"https:\/\/editorialperegrino.com\/blog\/nosotros\/las-4-normas-de-editorial-peregrino\/","title":{"rendered":"Las 4 normas"},"content":{"rendered":"<h2>Las 4 normas de Editorial Peregrino<\/h2>\n<blockquote>\n<h3><span style=\"color: #3b5998;\">Puro Peregrino<\/span><\/h3>\n<p>En Editorial Peregrino producimos mucha informaci\u00f3n cristiana con la intenci\u00f3n de acercarte lo m\u00e1ximo posible al conocimiento m\u00e1s profundo de Dios y su palabra.<\/p>\n<p>Esta labor creemos que es muy importante en el pueblo de Dios y por este motivo siempre que editamos alg\u00fan material, lo hacemos sujet\u00e1ndonos a estas 4 normas:<\/p>\n<ul>\n<li style=\"list-style-type: none;\">\n<ul>\n<li>\n<div><strong>1. Proclamaci\u00f3n y exaltaci\u00f3n de Cristo como el centro de todo y de la soberan\u00eda de Dios en todas las esferas, en conformidad con la l\u00ednea doctrinal del cristianismo hist\u00f3rico<\/strong>. En medio de la confusi\u00f3n religiosa actual, es vital que nuestro mensaje, como cristianos evang\u00e9licos, no se diluya en la multitud de innovaciones modernas y enfoques sectarios que se esconden tras etiquetas como \u00abcristiano\u00bb, \u00abevang\u00e9lico\u00bb, \u00abb\u00edblico\u00bb, etc. Nuestra editorial propugna una decidida vuelta a las claras \u00absendas antiguas\u00bb de la Palabra y la historia de la Iglesia m\u00e1s bien que la incursi\u00f3n por senderos oscuros de dudosa procedencia e incierto final.<\/div>\n<\/li>\n<\/ul>\n<\/li>\n<\/ul>\n<ul>\n<li style=\"list-style-type: none;\">\n<ul>\n<li>\n<div><strong>2. Contenido netamente b\u00edblico de sus publicaciones y edificaci\u00f3n espiritual de los lectores, con prioridad del aspecto ministerial sobre el comercial.<\/strong> Cuando tanta literatura llamada \u00abcristiana\u00bb no consiste sino en meras reflexiones subjetivas, filos\u00f3ficas o psicol\u00f3gicas, cuando tantos mensajes religiosos est\u00e1n basados en las arenas movedizas de las experiencias humanas m\u00e1s bien que en la s\u00f3lida roca de la revelaci\u00f3n divina, es imperativo poner al alcance del pueblo la \u00ableche pura de la palabra\u00bb para que por ella crezca para salvaci\u00f3n. Un enfoque as\u00ed, evidentemente, no produce grandes ganancias econ\u00f3micas, pero creemos, en palabras del gran misionero Hudson Taylor, que \u00abla obra de Dios, hecha a la manera de Dios, no carecer\u00e1 de la provisi\u00f3n de Dios\u00bb.<\/div>\n<\/li>\n<\/ul>\n<\/li>\n<\/ul>\n<ul>\n<li style=\"list-style-type: none;\">\n<ul>\n<li>\n<div><strong>3. Respeto escrupuloso de los derechos de autor, derechos editoriales y dem\u00e1s normas que controlan la edici\u00f3n de libros.<\/strong> En estos d\u00edas en que la pirater\u00eda invade todos los \u00e1mbitos de la actividad comercial humana, incluido el cristiano, es fundamental dar un buen testimonio de honestidad y legalidad, m\u00e1s bien que sucumbir a las tentaciones y presiones para pasar por alto principios \u00e9ticos elementales bajo la falsa pretensi\u00f3n de \u00abpropagar la Palabra de Dios\u00bb. Es triste ver c\u00f3mo algunos cristianos se aprovechan y lucran con el trabajo y el esfuerzo de otros que mantienen el principio b\u00edblico de que \u00abel obrero es digno de su salario\u00bb.<\/div>\n<\/li>\n<\/ul>\n<\/li>\n<\/ul>\n<ul>\n<li style=\"list-style-type: none;\">\n<ul>\n<li>\n<div><strong>4. Rigurosa fidelidad a las obras originales en las traducciones. <\/strong>Fueron los italianos quienes acu\u00f1aron la frase \u00ab<em>tradutore, traditore<\/em>\u00ab, y no hay nada m\u00e1s f\u00e1cil que traicionar a los autores y sus los lectores mediante traducciones que no reflejan fielmente el significado del original. Se han dado casos de ediciones en otros idiomas que han suprimido p\u00e1rrafos enteros de la obra original simplemente porque los editores no estaban de acuerdo con la teolog\u00eda del autor. A veces, hay que buscar la clave en causas m\u00e1s prosaicas, como la falta de capacidad de los traductores. En cualquier caso, Editorial Peregrino busca no solo respetar el pensamiento original de los autores, sino tambi\u00e9n emplear a traductores capacitados que puedan transmitirlo con la m\u00e1xima fidelidad y correcci\u00f3n en nuestro idioma.<\/div>\n<\/li>\n<\/ul>\n<\/li>\n<\/ul>\n<\/blockquote>\n","protected":false},"excerpt":{"rendered":"<p>Las 4 normas de Editorial Peregrino Puro Peregrino En Editorial Peregrino producimos mucha informaci\u00f3n cristiana con la intenci\u00f3n de acercarte lo m\u00e1ximo posible al conocimiento m\u00e1s profundo de Dios y&#8230;<\/p>\n","protected":false},"author":1,"featured_media":0,"parent":18,"menu_order":3,"comment_status":"closed","ping_status":"closed","template":"","meta":{"_links_to":"","_links_to_target":""},"_links":{"self":[{"href":"https:\/\/editorialperegrino.com\/blog\/wp-json\/wp\/v2\/pages\/90"}],"collection":[{"href":"https:\/\/editorialperegrino.com\/blog\/wp-json\/wp\/v2\/pages"}],"about":[{"href":"https:\/\/editorialperegrino.com\/blog\/wp-json\/wp\/v2\/types\/page"}],"author":[{"embeddable":true,"href":"https:\/\/editorialperegrino.com\/blog\/wp-json\/wp\/v2\/users\/1"}],"replies":[{"embeddable":true,"href":"https:\/\/editorialperegrino.com\/blog\/wp-json\/wp\/v2\/comments?post=90"}],"version-history":[{"count":2,"href":"https:\/\/editorialperegrino.com\/blog\/wp-json\/wp\/v2\/pages\/90\/revisions"}],"predecessor-version":[{"id":5182,"href":"https:\/\/editorialperegrino.com\/blog\/wp-json\/wp\/v2\/pages\/90\/revisions\/5182"}],"up":[{"embeddable":true,"href":"https:\/\/editorialperegrino.com\/blog\/wp-json\/wp\/v2\/pages\/18"}],"wp:attachment":[{"href":"https:\/\/editorialperegrino.com\/blog\/wp-json\/wp\/v2\/media?parent=90"}],"curies":[{"name":"wp","href":"https:\/\/api.w.org\/{rel}","templated":true}]}}