{"id":30,"date":"2012-07-06T11:28:07","date_gmt":"2012-07-06T11:28:07","guid":{"rendered":"http:\/\/editorialperegrino.com\/blog\/?page_id=30"},"modified":"2022-11-08T11:18:47","modified_gmt":"2022-11-08T10:18:47","slug":"equipo","status":"publish","type":"page","link":"https:\/\/editorialperegrino.com\/blog\/nosotros\/equipo\/","title":{"rendered":"El Equipo"},"content":{"rendered":"<p><img loading=\"lazy\" class=\"alignnone\" title=\"Mateo\" src=\"https:\/\/editorialperegrino.com\/blog\/wp-content\/uploads\/Mateo-web.jpg\" alt=\"\" width=\"150\" height=\"179\" \/><\/p>\n<h3>Mateo Hill<\/h3>\n<h5><strong>Director<\/strong><\/h5>\n<p style=\"text-align: justify;\">Soy el director de Editorial Peregrino y mi principal trabajo consiste en dirigir la administraci\u00f3n general de esta empresa, a la vez de supervisar\u00a0la producci\u00f3n de libros cristianos y otros materiales de la mejor calidad para la edificaci\u00f3n de los creyentes y la extensi\u00f3n del Reino de Dios.<\/p>\n<p style=\"text-align: justify;\">Pero mi labor estar\u00eda severamente limitada si no contara con un excelente equipo de hombres y mujeres que trabajan en la toma de decisiones, la traducci\u00f3n, el dise\u00f1o, la administraci\u00f3n y los env\u00edos para que nuestro ministerio sea lo m\u00e1s eficiente y provechoso posible para los que se benefician del mismo.<\/p>\n<p style=\"text-align: justify;\"><strong>E-mail:<\/strong> <a href=\"mailto:director@editorialperegrino.com\" target=\"_blank\" rel=\"noopener\">mateo@editorialperegrino.com<\/a><\/p>\n<p style=\"text-align: justify;\"><strong>Telf:<\/strong> 926 349 634 &#8211; 665 77 11 68<\/p>\n<p><img loading=\"lazy\" title=\"Eva Franco\" src=\"https:\/\/editorialperegrino.com\/blog\/wp-content\/uploads\/eva.jpg\" alt=\"\" width=\"150\" height=\"150\" \/><\/p>\n<h3>Eva Franco<\/h3>\n<h5><strong>Ventas y env\u00edos<\/strong><\/h5>\n<p style=\"text-align: justify;\">Soy asistente administrativo y el trabajo que desempe\u00f1o en Peregrino est\u00e1 relacionado con la recepci\u00f3n y env\u00edo de todo nuestro material, control de stock en el almac\u00e9n y p\u00e1gina web, as\u00ed como la atenci\u00f3n al cliente.<\/p>\n<p style=\"text-align: justify;\">La recepci\u00f3n de env\u00edos consiste en comprobar que todo lo que se ha recibido llega correctamente, es decir, que la cantidad que se ha pedido es la que se recibe y que todo llegue en buen estado; cuando hay algo defectuoso, apartarlo.<\/p>\n<p style=\"text-align: justify;\">El proceso de env\u00edo de pedidos consiste en asegurarse que el material se envuelve bien para que no sufra ning\u00fan da\u00f1o durante el transporte, se rellenan los impresos necesarios tanto para los env\u00edos que se realizan por agencia como los que se env\u00edan por correo nacional e internacional.<\/p>\n<p style=\"text-align: justify;\">Atender al cliente implica tomar nota de su pedido, explicarle las formas de pago y las de env\u00edo; y si tiene alguna duda o reclamaci\u00f3n, tratar de resolverla lo antes posible. As\u00ed mismo, explicar a los clientes los beneficios que tenemos al convertirse en socios.<\/p>\n<p style=\"text-align: justify;\"><strong>E-mail:<\/strong> <a href=\"mailto:eva@editorialperegrino.com\" target=\"_blank\" rel=\"noopener\">eva@editorialperegrino.com<\/a><br \/>\n<strong>Telf:<\/strong> 926 349 634 &#8211; 658 887 547<\/p>\n<p><img loading=\"lazy\" title=\"Raquel\" src=\"https:\/\/editorialperegrino.com\/blog\/wp-content\/uploads\/Raquel-Farrugia1.jpg\" alt=\"\" width=\"136\" height=\"200\" \/><\/p>\n<h3>Raquel Farrugia<\/h3>\n<h5><strong>Traducci\u00f3n y revisi\u00f3n \/ Literatura Infantil y Juvenil<\/strong><\/h5>\n<p style=\"text-align: justify;\">Soy licenciada en Filolog\u00eda Inglesa, tengo un Diploma de Estudios Avanzados en Literatura y dos m\u00e1sters en Literatura Infantil, uno de ellos tambi\u00e9n en Promoci\u00f3n de la Lectura. Mi trabajo en Editorial Peregrino consiste en traducir y revisar textos en general, aunque me ocupo de manera especial de la l\u00ednea infantil y juvenil de la editorial.<\/p>\n<p style=\"text-align: justify;\">Creo firmemente en la importancia de proporcionar un buen material para nuestros lectores m\u00e1s j\u00f3venes para que conozcan mejor la Biblia y as\u00ed lleguen al conocimiento de Cristo. Por esa raz\u00f3n, y para la gloria de Dios, trabajo con ilusi\u00f3n para que la secci\u00f3n de nuestro cat\u00e1logo destinada a ellos vaya aumentando y mejorando.<\/p>\n<p style=\"text-align: justify;\"><strong>E-mail:<\/strong> <a href=\"mailto:raquelfarrugia@outlook.com\" target=\"_blank\" rel=\"noopener\">raquelfarrugia@outlook.com<\/a><\/p>\n<p>&nbsp;<\/p>\n","protected":false},"excerpt":{"rendered":"<p>Mateo Hill Director Soy el director de Editorial Peregrino y mi principal trabajo consiste en dirigir la administraci\u00f3n general de esta empresa, a la vez de supervisar\u00a0la producci\u00f3n de libros&#8230;<\/p>\n","protected":false},"author":1,"featured_media":0,"parent":18,"menu_order":2,"comment_status":"closed","ping_status":"closed","template":"","meta":{"_links_to":"","_links_to_target":""},"_links":{"self":[{"href":"https:\/\/editorialperegrino.com\/blog\/wp-json\/wp\/v2\/pages\/30"}],"collection":[{"href":"https:\/\/editorialperegrino.com\/blog\/wp-json\/wp\/v2\/pages"}],"about":[{"href":"https:\/\/editorialperegrino.com\/blog\/wp-json\/wp\/v2\/types\/page"}],"author":[{"embeddable":true,"href":"https:\/\/editorialperegrino.com\/blog\/wp-json\/wp\/v2\/users\/1"}],"replies":[{"embeddable":true,"href":"https:\/\/editorialperegrino.com\/blog\/wp-json\/wp\/v2\/comments?post=30"}],"version-history":[{"count":4,"href":"https:\/\/editorialperegrino.com\/blog\/wp-json\/wp\/v2\/pages\/30\/revisions"}],"predecessor-version":[{"id":5177,"href":"https:\/\/editorialperegrino.com\/blog\/wp-json\/wp\/v2\/pages\/30\/revisions\/5177"}],"up":[{"embeddable":true,"href":"https:\/\/editorialperegrino.com\/blog\/wp-json\/wp\/v2\/pages\/18"}],"wp:attachment":[{"href":"https:\/\/editorialperegrino.com\/blog\/wp-json\/wp\/v2\/media?parent=30"}],"curies":[{"name":"wp","href":"https:\/\/api.w.org\/{rel}","templated":true}]}}